{"id":8189,"date":"2026-02-26T10:44:41","date_gmt":"2026-02-26T10:44:41","guid":{"rendered":"https:\/\/www.drenthecampings.nl\/?page_id=8189"},"modified":"2026-03-16T09:32:28","modified_gmt":"2026-03-16T09:32:28","slug":"april","status":"publish","type":"page","link":"https:\/\/www.drenthecampings.nl\/de\/april\/","title":{"rendered":"April"},"content":{"rendered":"\n<p>.<\/p>\n\n\n<style type=\"text\/css\">\n    .header-heights {\n        height: 70vh;\n    }\n    .header-heights.home {\n        height: 80vh;\n    }\n    @media (max-width: 767px) {\n        .header-heights {\n            height: 80vh;\n        }\n        .header-heights.home {\n            height: 80vh;\n        }\n    }\n<\/style><section class=\"header-img\">\n        <div class=\"img-inner header-heights\" style=\"background-image: url(https:\/\/www.drenthecampings.nl\/wp-content\/uploads\/2024\/12\/Drenthecampings_Vledders_3-1600x1066.avif);\"><\/div><\/section>\n\n<div style=\"margin-top: px\" class=\"tz-omenom-container image-left color-kleur3 mask  no-top-margin bottom-margin\"><div class=\"container\"><div class=\"col6 omenom-image\"><img loading=\"lazy\" decoding=\"async\" width=\"1600\" height=\"739\" src=\"https:\/\/www.drenthecampings.nl\/wp-content\/uploads\/2025\/12\/foto-camperpark-nieuw-2-1600x739.avif\" class=\"attachment-large size-large not-transparent\" alt=\"\" srcset=\"https:\/\/www.drenthecampings.nl\/wp-content\/uploads\/2025\/12\/foto-camperpark-nieuw-2-1600x739.avif 1600w, https:\/\/www.drenthecampings.nl\/wp-content\/uploads\/2025\/12\/foto-camperpark-nieuw-2-750x347.avif 750w, https:\/\/www.drenthecampings.nl\/wp-content\/uploads\/2025\/12\/foto-camperpark-nieuw-2-768x355.avif 768w, https:\/\/www.drenthecampings.nl\/wp-content\/uploads\/2025\/12\/foto-camperpark-nieuw-2-1536x710.avif 1536w, https:\/\/www.drenthecampings.nl\/wp-content\/uploads\/2025\/12\/foto-camperpark-nieuw-2.avif 2000w\" sizes=\"auto, (max-width: 1600px) 100vw, 1600px\" data-has-transparency=\"false\" data-dominant-color=\"5f6b4e\" style=\"--dominant-color: #5f6b4e;\" \/><\/div><div class=\"col4 omenom-content\"><h3>Entdecken Sie Drenthe im April<\/h3><div class=\"omenom-editor\"><p>Im April ist Drenthe ein wunderbares Reiseziel f\u00fcr einen Kurzurlaub. Die Angebote der einzelnen Campingpl\u00e4tze variieren in dieser Zeit, sodass Sie stets eine gro\u00dfe Auswahl haben. Ob Sie mit Ihrem eigenen Zelt, Wohnwagen oder Wohnmobil anreisen oder den Komfort einer Mietunterkunft wie Chalet, Bungalow oder Safarizelt bevorzugen \u2013 bei Drenthe Campings finden Sie garantiert die passende Unterkunft. St\u00f6bern Sie durch die Angebote und w\u00e4hlen Sie Ihren Lieblingscampingplatz f\u00fcr einen entspannten Fr\u00fchlingsurlaub.<\/p>\n<\/div><\/div><\/div><\/div>\n\n<div style=\"margin-top: px\" class=\"tz-omenom-container image-right color-kleur1 mask  no-top-margin bottom-margin\"><div class=\"container\"><div class=\"col6 omenom-image\"><img loading=\"lazy\" decoding=\"async\" width=\"1600\" height=\"1200\" src=\"https:\/\/www.drenthecampings.nl\/wp-content\/uploads\/2025\/02\/Blauwe-Haan-Safaritent-6-persoons-1600x1200.avif\" class=\"attachment-large size-large\" alt=\"\" srcset=\"https:\/\/www.drenthecampings.nl\/wp-content\/uploads\/2025\/02\/Blauwe-Haan-Safaritent-6-persoons-1600x1200.avif 1600w, https:\/\/www.drenthecampings.nl\/wp-content\/uploads\/2025\/02\/Blauwe-Haan-Safaritent-6-persoons-750x563.avif 750w, https:\/\/www.drenthecampings.nl\/wp-content\/uploads\/2025\/02\/Blauwe-Haan-Safaritent-6-persoons-768x576.avif 768w, https:\/\/www.drenthecampings.nl\/wp-content\/uploads\/2025\/02\/Blauwe-Haan-Safaritent-6-persoons-1536x1152.avif 1536w, https:\/\/www.drenthecampings.nl\/wp-content\/uploads\/2025\/02\/Blauwe-Haan-Safaritent-6-persoons-2048x1536.avif 2048w\" sizes=\"auto, (max-width: 1600px) 100vw, 1600px\" \/><\/div><div class=\"col4 omenom-content\"><h3>Genie\u00dfen Sie den Fr\u00fchling auf den Campingpl\u00e4tzen von Drenthe.<\/h3><div class=\"omenom-editor\"><p>Der April ist ein herrlicher Monat, um wieder die Natur zu genie\u00dfen. Die Tage werden l\u00e4nger und die Natur erwacht zu neuem Leben. Auf vielen Campingpl\u00e4tzen erwarten Sie Ruhe, Weite und ein echtes Naturerlebnis. Beim Zelten haben Sie die Freiheit, Ihren eigenen Stellplatz zu nutzen. Wer eine Unterkunft mietet, genie\u00dft zus\u00e4tzlichen Komfort und kann Drenthe von dort aus ideal erkunden.<\/p>\n<\/div><\/div><\/div><\/div>\n\n<div style=\"margin-top: px\" class=\"tz-omenom-container image-left color-kleur3 mask  no-top-margin bottom-margin\"><div class=\"container\"><div class=\"col6 omenom-image\"><img loading=\"lazy\" decoding=\"async\" width=\"1600\" height=\"1066\" src=\"https:\/\/www.drenthecampings.nl\/wp-content\/uploads\/2024\/12\/Drenthecampings_Hondrug__69-1600x1066.avif\" class=\"attachment-large size-large\" alt=\"\" srcset=\"https:\/\/www.drenthecampings.nl\/wp-content\/uploads\/2024\/12\/Drenthecampings_Hondrug__69-1600x1066.avif 1600w, https:\/\/www.drenthecampings.nl\/wp-content\/uploads\/2024\/12\/Drenthecampings_Hondrug__69-750x500.avif 750w, https:\/\/www.drenthecampings.nl\/wp-content\/uploads\/2024\/12\/Drenthecampings_Hondrug__69-768x512.avif 768w, https:\/\/www.drenthecampings.nl\/wp-content\/uploads\/2024\/12\/Drenthecampings_Hondrug__69-1536x1024.avif 1536w, https:\/\/www.drenthecampings.nl\/wp-content\/uploads\/2024\/12\/Drenthecampings_Hondrug__69.avif 2000w\" sizes=\"auto, (max-width: 1600px) 100vw, 1600px\" \/><\/div><div class=\"col4 omenom-content\"><h3>Unterwegs mit der ganzen Familie<\/h3><div class=\"omenom-editor\"><p>Der April ist die perfekte Zeit f\u00fcr einen Kurzurlaub mit der ganzen Familie. Die Tage werden l\u00e4nger, und man kann die Natur wieder genie\u00dfen. Auf vielen Campingpl\u00e4tzen in Drenthe finden Kinder viel Platz zum Spielen, mit Spielwiesen, Spielpl\u00e4tzen und anderen Einrichtungen. So erleben sie unvergessliche Momente, w\u00e4hrend Sie einen entspannten Fr\u00fchlingsurlaub genie\u00dfen.<\/p>\n<\/div><\/div><\/div><\/div>\n\n<div style=\"margin-top: px\" class=\"tz-omenom-container image-right color-kleur1 mask  no-top-margin bottom-margin\"><div class=\"container\"><div class=\"col6 omenom-image\"><img loading=\"lazy\" decoding=\"async\" width=\"1600\" height=\"1066\" src=\"https:\/\/www.drenthecampings.nl\/wp-content\/uploads\/2024\/12\/Drenthecampings_Meistershof_30-1600x1066.avif\" class=\"attachment-large size-large\" alt=\"\" srcset=\"https:\/\/www.drenthecampings.nl\/wp-content\/uploads\/2024\/12\/Drenthecampings_Meistershof_30-1600x1066.avif 1600w, https:\/\/www.drenthecampings.nl\/wp-content\/uploads\/2024\/12\/Drenthecampings_Meistershof_30-750x500.avif 750w, https:\/\/www.drenthecampings.nl\/wp-content\/uploads\/2024\/12\/Drenthecampings_Meistershof_30-768x512.avif 768w, https:\/\/www.drenthecampings.nl\/wp-content\/uploads\/2024\/12\/Drenthecampings_Meistershof_30-1536x1024.avif 1536w, https:\/\/www.drenthecampings.nl\/wp-content\/uploads\/2024\/12\/Drenthecampings_Meistershof_30.avif 2000w\" sizes=\"auto, (max-width: 1600px) 100vw, 1600px\" \/><\/div><div class=\"col4 omenom-content\"><h3>Radfahren, Wandern, entdecken Sie die Geheimnisse von Drenthe<\/h3><div class=\"omenom-editor\"><p>Aber auch abseits der Campingpl\u00e4tze bieten sich zahlreiche Ausflugsm\u00f6glichkeiten. Drenthe ist bekannt f\u00fcr sein weitl\u00e4ufiges Netz an Wander- und Radwegen. Unternehmen Sie eine sch\u00f6ne Tour und entdecken Sie die ruhigen Ecken der Drenthe-Natur. Oder besuchen Sie ein Museum, ein nahegelegenes Dorf oder eine der vielen Attraktionen. Informieren Sie sich \u00fcber die vielf\u00e4ltigen M\u00f6glichkeiten und planen Sie Ihre Aktivit\u00e4ten im Voraus. So wird Ihr Urlaub in Drenthe im April noch sch\u00f6ner.<\/p>\n<\/div><\/div><\/div><\/div>\n\n  <div id=\"overviewlight_a3900c8d-7c44-41b0-983a-63cef4114f83\" class=\"overviewlight-async\">\n    <div class=\"overviewlight-loader\" style=\"padding:20px;text-align:center;\">\n      <img decoding=\"async\" src=\"https:\/\/www.drenthecampings.nl\/wp-admin\/images\/loading.gif\" alt=\"Loading\" style=\"width:16px;height:16px;vertical-align:middle;\">\n      <span style=\"margin-left:8px;\">Laden\u2026<\/span>\n    <\/div>\n  <\/div>\n\n<script>\ndocument.addEventListener('DOMContentLoaded', function(){\n  var el = document.getElementById(\"overviewlight_a3900c8d-7c44-41b0-983a-63cef4114f83\");\n  if (!el) return;\n\n  var data = new FormData();\n  data.append('action', 'zb_overview_light_render');\n  data.append('nonce', \"85c46d2658\");\n  data.append('post_id', 8189);\n\n  var settings = {\"filter_groups\":[\"Camping faciliteiten\",\"Kampeerfaciliteiten\"],\"zb_light_filters\":[]};\n  data.append('settings', JSON.stringify(settings));\n\n  fetch(\"https:\\\/\\\/www.drenthecampings.nl\\\/wp-admin\\\/admin-ajax.php\", {\n    method: 'POST',\n    credentials: 'same-origin',\n    body: data\n  })\n  .then(function(r){ return r.json(); })\n  .then(function(resp){\n    if (!resp || !resp.success) {\n      el.innerHTML = '<div style=\"color:#b00;padding:10px;\">Overview Light AJAX failed<\/div>';\n      if (resp && resp.data && resp.data.message) {\n        el.innerHTML += '<div style=\"padding:10px;\">' + resp.data.message + '<\/div>';\n      }\n      return;\n    }\n    el.innerHTML = resp.data.html;\n  })\n  .catch(function(){\n    el.innerHTML = '<div style=\"color:#b00;padding:10px;\">Overview Light AJAX failed (network)<\/div>';\n  });\n});\n<\/script>\n  ","protected":false},"excerpt":{"rendered":"<p>.<\/p>\n","protected":false},"author":1,"featured_media":8181,"parent":0,"menu_order":0,"comment_status":"closed","ping_status":"closed","template":"","meta":{"_acf_changed":false,"_tz_page_kind":"default","footnotes":""},"class_list":["post-8189","page","type-page","status-publish","has-post-thumbnail","hentry"],"acf":[],"_links":{"self":[{"href":"https:\/\/www.drenthecampings.nl\/de\/wp-json\/wp\/v2\/pages\/8189","targetHints":{"allow":["GET"]}}],"collection":[{"href":"https:\/\/www.drenthecampings.nl\/de\/wp-json\/wp\/v2\/pages"}],"about":[{"href":"https:\/\/www.drenthecampings.nl\/de\/wp-json\/wp\/v2\/types\/page"}],"author":[{"embeddable":true,"href":"https:\/\/www.drenthecampings.nl\/de\/wp-json\/wp\/v2\/users\/1"}],"replies":[{"embeddable":true,"href":"https:\/\/www.drenthecampings.nl\/de\/wp-json\/wp\/v2\/comments?post=8189"}],"version-history":[{"count":1,"href":"https:\/\/www.drenthecampings.nl\/de\/wp-json\/wp\/v2\/pages\/8189\/revisions"}],"predecessor-version":[{"id":8190,"href":"https:\/\/www.drenthecampings.nl\/de\/wp-json\/wp\/v2\/pages\/8189\/revisions\/8190"}],"wp:featuredmedia":[{"embeddable":true,"href":"https:\/\/www.drenthecampings.nl\/de\/wp-json\/wp\/v2\/media\/8181"}],"wp:attachment":[{"href":"https:\/\/www.drenthecampings.nl\/de\/wp-json\/wp\/v2\/media?parent=8189"}],"curies":[{"name":"wp","href":"https:\/\/api.w.org\/{rel}","templated":true}]}}